{"id":11822,"date":"2016-12-30T12:32:47","date_gmt":"2016-12-30T12:32:47","guid":{"rendered":"http:\/\/anahata.mikado-themes.com\/?page_id=11822"},"modified":"2024-10-29T17:50:21","modified_gmt":"2024-10-29T16:50:21","slug":"personal-trainer","status":"publish","type":"page","link":"https:\/\/ubuntu-yoga.de\/?page_id=11822","title":{"rendered":"\u00fcber mich"},"content":{"rendered":"<p>[vc_row content_width=&#8220;grid&#8220; css=&#8220;.vc_custom_1484755472959{padding-top: 120px !important;padding-bottom: 20px !important;}&#8220;][vc_column]<div class=\"mkd-separator-with-icon-holder mkd-separator-with-icon-holder clearfix mkd-separator-with-icon-animation\">\n\n    <span class=\"mkd-separator-left\" style=\"border-top: 1px solid #f7972f\"><\/span>\n\n            <span class=\"mkd-sep-custom-image\"><img loading=\"lazy\" decoding=\"async\" width=\"303\" height=\"327\" src=\"https:\/\/ubuntu-yoga.de\/wp-content\/uploads\/2021\/03\/Mandala_Trenner_O-1.png\" class=\"attachment-full size-full\" alt=\"\" srcset=\"https:\/\/ubuntu-yoga.de\/wp-content\/uploads\/2021\/03\/Mandala_Trenner_O-1.png 303w, https:\/\/ubuntu-yoga.de\/wp-content\/uploads\/2021\/03\/Mandala_Trenner_O-1-278x300.png 278w\" sizes=\"auto, (max-width: 303px) 100vw, 303px\" \/><\/span>\n    \n    <span class=\"mkd-separator-right\" style=\"border-top: 1px solid #f7972f\"><\/span>\n<\/div>[vc_empty_space height=&#8220;40px&#8220;]<div class=\"mkd-section-title-holder\">\n\t<h1 class=\"mkd-section-title\" style=\"color: #505050;text-align: center\">\n\t\tHallo ich bin Regina    <\/h1>\n<\/div><div class=\"mkd-elements-holder mkd-responsive-mode-768\" ><div class=\"mkd-elements-holder-item mkd-horizontal-alignment-left\" data-item-class=\"mkd-elements-holder-custom-824670\" data-1024-1280=\"0px 14% 36px\" data-768-1024=\"0px 3%\" data-600-768=\"0px 2% 30px\" data-480=\"0px 5%\" >\n    <div class=\"mkd-elements-holder-item-inner\">\n        <div class=\"mkd-elements-holder-item-content mkd-elements-holder-custom-824670\" style=\"padding: 0px 18% 33px\">\n            <div class=\"mkd-section-subtitle-holder mkd-section-subtitle-center\" style=\"width: large%\">\n\t<p style=\"color: #a4a2a2;text-align: center\" class=\"mkd-section-subtitle\">Ich biete Business Yoga und private Yogaeinheiten in M\u00fcnchen, angepasst an die<br \/>\nindividuellen Bed\u00fcrfnisse, mit einem profunden, anatomisches Hintergrundwissen und Erfahrungen aus Indien in den Bereichen Hatha Yoga und Yin Yoga.<br \/>\nGanz individuelle Betreuung beim Personaltraining.<\/p>\n<\/div>        <\/div>\n    <\/div>\n<\/div><\/div>[vc_row_inner][vc_column_inner][vc_empty_space height=&#8220;150px&#8220;][\/vc_column_inner][\/vc_row_inner][\/vc_column][\/vc_row][vc_row row_type=&#8220;parallax&#8220; content_width=&#8220;grid&#8220; full_screen_section_height=&#8220;no&#8220; parallax_background_image=&#8220;15858&#8243; css=&#8220;.vc_custom_1614947558111{padding-bottom: 110px !important;}&#8220;][vc_column]<div class=\"mkd-elements-holder mkd-three-columns mkd-responsive-mode-768\" ><div class=\"mkd-elements-holder-item mkd-horizontal-alignment-left\" data-item-class=\"mkd-elements-holder-custom-235922\" data-1024-1280=\"0px 22% 0px 24%\" data-768-1024=\"26px 18% 0px 24%\" data-600-768=\"0px 0% 0px 0%\" data-480=\"0px 0% 0px 0%\" >\n    <div class=\"mkd-elements-holder-item-inner\">\n        <div class=\"mkd-elements-holder-item-content mkd-elements-holder-custom-235922\" style=\"padding: 0px 28% 0px 24%\">\n            [vc_column_text]<\/p>\n<h2 style=\"text-align: left;\">\u00fcber mich<\/h2>\n<p>[\/vc_column_text]<div class=\"mkd-separator-holder clearfix  mkd-separator-left\">\n\t<div class=\"mkd-separator\" style=\"border-color: #ff9c54;border-style: solid;width: 70px;border-bottom-width: 2px;margin-top: 25px;margin-bottom: 20px\"><\/div>\n<\/div>\n[vc_column_text]<\/p>\n<h3>meine Geschichte<\/h3>\n<p>[\/vc_column_text][vc_empty_space height=&#8220;5px&#8220;][vc_column_text]Das ausgepr\u00e4gte Interesse an Bewegung und K\u00f6rpergef\u00fchl brachte<br \/>\nmich als junge Erwachsene an die Akademie des Tanzes nach Mannheim. Auftritte bei \u201eWetten Dass\u2026\u201c mit den Scorpiones, sowie andere Stars folgten.[\/vc_column_text][vc_column_text]2003 nahm ich das erste Mal Kontakt mit Yoga auf und besuchte meine erste Yogastunde in Malaga. Yoga half mir die kulturellen Barrieren in Spanien zu \u00fcberwinden.[\/vc_column_text][vc_empty_space height=&#8220;26px&#8220;][vc_column_text][\/vc_column_text][vc_empty_space height=&#8220;5px&#8220;][vc_column_text][\/vc_column_text]        <\/div>\n    <\/div>\n<\/div><div class=\"mkd-elements-holder-item mkd-horizontal-alignment-left\" data-item-class=\"mkd-elements-holder-custom-712908\" data-1024-1280=\"0px 9% 0px 0%\" data-768-1024=\"26px 9% 0px 0%\" data-600-768=\"20px 0% 0px 0%\" data-480=\"20px 0% 0px 0%\" >\n    <div class=\"mkd-elements-holder-item-inner\">\n        <div class=\"mkd-elements-holder-item-content mkd-elements-holder-custom-712908\" style=\"padding: 0px 23% 0px 0%\">\n            [vc_column_text]<\/p>\n<h2 style=\"text-align: left;\">Ausbildungen<\/h2>\n<p>[\/vc_column_text]<div class=\"mkd-separator-holder clearfix  mkd-separator-left\">\n\t<div class=\"mkd-separator\" style=\"border-color: #ff9c54;border-style: solid;width: 70px;border-bottom-width: 2px;margin-top: 25px;margin-bottom: 20px\"><\/div>\n<\/div>\n[vc_empty_space height=&#8220;20px&#8220;][vc_column_text]<\/p>\n<h3>Yogaausbildung in Hamburg<\/h3>\n<p>[\/vc_column_text][vc_empty_space height=&#8220;5px&#8220;][vc_column_text]2007 die Meridian Akademie in Hamburg bildete mich zum Instructor (A-Lizenz) aus und Safs &amp; Beta Bildungsakademie stellte mir die Fachurkunde aus f\u00fcr \u201eFachtrainer Intensives Yoga\u201c (hier erlanget ich mein anatomisches Wissen)[\/vc_column_text][vc_empty_space height=&#8220;26px&#8220;][vc_column_text]<\/p>\n<h3>Yogaausbildung in Indien<\/h3>\n<p>[\/vc_column_text][vc_empty_space height=&#8220;5px&#8220;][vc_column_text]2010 absolviete ich die Sivananda Vendanta Lehrerausbildung in Indien\/Vrindavan[\/vc_column_text][vc_empty_space height=&#8220;26px&#8220;][vc_column_text]<\/p>\n<h3>Ayurvedaausbildung in Indien<\/h3>\n<p>[\/vc_column_text][vc_empty_space height=&#8220;5px&#8220;][vc_column_text]Juni 2011 habe ich die Ayurveda-Ausbildung im Ayurveda Retreat<br \/>\nHospital in Coonor \/ Indien erfolgreich abgeschlossen.[\/vc_column_text][vc_empty_space height=&#8220;26px&#8220;][vc_column_text]<\/p>\n<h3>Thaimassagenausbildung in Chiang Mai<\/h3>\n<p>[\/vc_column_text][vc_column_text]November 2011 folgte die Thaimassagenausbildung auf der<br \/>\nber\u00fchmten ITM School in Chiang Mai (Thailand).[\/vc_column_text]        <\/div>\n    <\/div>\n<\/div><div class=\"mkd-elements-holder-item mkd-horizontal-alignment-left\" data-item-class=\"mkd-elements-holder-custom-395693\" data-1024-1280=\"0px 23% 0px 4%\" data-768-1024=\"27px 16% 0px 8%\" data-600-768=\"20px 0% 0px 0%\" data-480=\"20px 0% 0px 0%\" >\n    <div class=\"mkd-elements-holder-item-inner\">\n        <div class=\"mkd-elements-holder-item-content mkd-elements-holder-custom-395693\" style=\"padding: 0px 34% 0px 4%\">\n            [vc_empty_space height=&#8220;190&#8243;][vc_column_text]<\/p>\n<h3>Yin Yoga Ausbildung<br \/>\nin Sydney<\/h3>\n<p>[\/vc_column_text][vc_empty_space height=&#8220;5px&#8220;][vc_column_text]2012-2013 Yin Yoga Ausbildung in Sydney nach den Lehren vonPaul Grilley.[\/vc_column_text][vc_empty_space height=&#8220;5px&#8220;][vc_column_text]<\/p>\n<h3>Theta Healing Ausbildung Advanced<\/h3>\n<p>[\/vc_column_text][vc_empty_space height=&#8220;5px&#8220;][vc_column_text]September 2023 erfolgte die Advanced ThetaHealing Ausbildung von Melouka Knorr[\/vc_column_text][vc_empty_space height=&#8220;5px&#8220;][vc_column_text]<\/p>\n<h3>Yin Yoga Ausbildung<br \/>\nin Ibiza<\/h3>\n<p>[\/vc_column_text][vc_empty_space height=&#8220;5px&#8220;][vc_column_text]2018 folgte die zweite Yin Yoga Ausbildung nach der Lehre von Sarah Powers auf Ibiza.[\/vc_column_text][vc_empty_space height=&#8220;26px&#8220;][vc_column_text]<\/p>\n<h3>Workshop\/Fortbildungen<\/h3>\n<p>[\/vc_column_text][vc_empty_space height=&#8220;5px&#8220;][vc_column_text]Workshops mit bekannten Yogalehrer auf der ganzen Welt: Bryan Kest, Sharon Canon\/David Life, Paul Grilley, Simon Borg-Olivier, Ana Forrest, Marc Withewell und viele andere.[\/vc_column_text][vc_empty_space height=&#8220;26&#8243;][vc_column_text]<\/p>\n<h3>Intensive Yin Yoga Fortbildung<\/h3>\n<p>[\/vc_column_text][vc_empty_space height=&#8220;5px&#8220;][vc_column_text]2020 Yin Yoga Intensive Fortbildung bei Yoga Sky Berlin mit Nancy Jovanovics<\/p>\n<blockquote class=\"\">\n<div class=\"\">\n<div class=\"\">\n<div class=\"\"><\/div>\n<\/div>\n<\/div>\n<\/blockquote>\n<p>[\/vc_column_text][vc_empty_space height=&#8220;70px&#8220;]        <\/div>\n    <\/div>\n<\/div><\/div>[\/vc_column][\/vc_row][vc_row][vc_column][\/vc_column][\/vc_row][vc_row][vc_column][vc_empty_space height=&#8220;140px&#8220;][vc_empty_space height=&#8220;140px&#8220;][\/vc_column][\/vc_row]<\/p>\n","protected":false},"excerpt":{"rendered":"<p>[vc_row content_width=&#8220;grid&#8220; css=&#8220;.vc_custom_1484755472959{padding-top: 120px !important;padding-bottom: 20px !important;}&#8220;][vc_column][vc_empty_space height=&#8220;40px&#8220;][vc_row_inner][vc_column_inner][vc_empty_space height=&#8220;150px&#8220;][\/vc_column_inner][\/vc_row_inner][\/vc_column][\/vc_row][vc_row row_type=&#8220;parallax&#8220; content_width=&#8220;grid&#8220; full_screen_section_height=&#8220;no&#8220; parallax_background_image=&#8220;15858&#8243; css=&#8220;.vc_custom_1614947558111{padding-bottom: 110px !important;}&#8220;][vc_column][\/vc_column][\/vc_row][vc_row][vc_column][\/vc_column][\/vc_row][vc_row][vc_column][vc_empty_space height=&#8220;140px&#8220;][vc_empty_space height=&#8220;140px&#8220;][\/vc_column][\/vc_row]<\/p>\n","protected":false},"author":1,"featured_media":0,"parent":0,"menu_order":0,"comment_status":"closed","ping_status":"closed","template":"full-width.php","meta":{"footnotes":""},"class_list":["post-11822","page","type-page","status-publish","hentry"],"yoast_head":"<!-- This site is optimized with the Yoast SEO plugin v27.3 - https:\/\/yoast.com\/product\/yoast-seo-wordpress\/ -->\n<title>\u00fcber mich - Yoga mit Regina<\/title>\n<meta name=\"robots\" content=\"index, follow, max-snippet:-1, max-image-preview:large, max-video-preview:-1\" \/>\n<link rel=\"canonical\" href=\"https:\/\/ubuntu-yoga.de\/?page_id=11822\" \/>\n<meta property=\"og:locale\" content=\"de_DE\" \/>\n<meta property=\"og:type\" content=\"article\" \/>\n<meta property=\"og:title\" content=\"\u00fcber mich - Yoga mit Regina\" \/>\n<meta property=\"og:description\" content=\"[vc_row content_width=&#8220;grid&#8220; css=&#8220;.vc_custom_1484755472959{padding-top: 120px !important;padding-bottom: 20px !important;}&#8220;][vc_column][vc_empty_space height=&#8220;40px&#8220;][vc_row_inner][vc_column_inner][vc_empty_space height=&#8220;150px&#8220;][\/vc_column_inner][\/vc_row_inner][\/vc_column][\/vc_row][vc_row row_type=&#8220;parallax&#8220; content_width=&#8220;grid&#8220; full_screen_section_height=&#8220;no&#8220; parallax_background_image=&#8220;15858&#8243; css=&#8220;.vc_custom_1614947558111{padding-bottom: 110px !important;}&#8220;][vc_column][\/vc_column][\/vc_row][vc_row][vc_column][\/vc_column][\/vc_row][vc_row][vc_column][vc_empty_space height=&#8220;140px&#8220;][vc_empty_space height=&#8220;140px&#8220;][\/vc_column][\/vc_row]\" \/>\n<meta property=\"og:url\" content=\"https:\/\/ubuntu-yoga.de\/?page_id=11822\" \/>\n<meta property=\"og:site_name\" content=\"Yoga mit Regina\" \/>\n<meta property=\"article:publisher\" content=\"https:\/\/www.facebook.com\/regina.harrar\" \/>\n<meta property=\"article:modified_time\" content=\"2024-10-29T16:50:21+00:00\" \/>\n<meta name=\"twitter:card\" content=\"summary_large_image\" \/>\n<meta name=\"twitter:label1\" content=\"Gesch\u00e4tzte Lesezeit\" \/>\n\t<meta name=\"twitter:data1\" content=\"3\u00a0Minuten\" \/>\n<script type=\"application\/ld+json\" class=\"yoast-schema-graph\">{\"@context\":\"https:\\\/\\\/schema.org\",\"@graph\":[{\"@type\":\"WebPage\",\"@id\":\"https:\\\/\\\/ubuntu-yoga.de\\\/?page_id=11822\",\"url\":\"https:\\\/\\\/ubuntu-yoga.de\\\/?page_id=11822\",\"name\":\"\u00fcber mich - Yoga mit Regina\",\"isPartOf\":{\"@id\":\"https:\\\/\\\/ubuntu-yoga.de\\\/#website\"},\"datePublished\":\"2016-12-30T12:32:47+00:00\",\"dateModified\":\"2024-10-29T16:50:21+00:00\",\"breadcrumb\":{\"@id\":\"https:\\\/\\\/ubuntu-yoga.de\\\/?page_id=11822#breadcrumb\"},\"inLanguage\":\"de\",\"potentialAction\":[{\"@type\":\"ReadAction\",\"target\":[\"https:\\\/\\\/ubuntu-yoga.de\\\/?page_id=11822\"]}]},{\"@type\":\"BreadcrumbList\",\"@id\":\"https:\\\/\\\/ubuntu-yoga.de\\\/?page_id=11822#breadcrumb\",\"itemListElement\":[{\"@type\":\"ListItem\",\"position\":1,\"name\":\"Startseite\",\"item\":\"https:\\\/\\\/ubuntu-yoga.de\\\/\"},{\"@type\":\"ListItem\",\"position\":2,\"name\":\"\u00fcber mich\"}]},{\"@type\":\"WebSite\",\"@id\":\"https:\\\/\\\/ubuntu-yoga.de\\\/#website\",\"url\":\"https:\\\/\\\/ubuntu-yoga.de\\\/\",\"name\":\"Yoga mit Regina\",\"description\":\"Menschlichkeit, N\u00e4chstenliebe und Gemeinsinn\",\"publisher\":{\"@id\":\"https:\\\/\\\/ubuntu-yoga.de\\\/#organization\"},\"potentialAction\":[{\"@type\":\"SearchAction\",\"target\":{\"@type\":\"EntryPoint\",\"urlTemplate\":\"https:\\\/\\\/ubuntu-yoga.de\\\/?s={search_term_string}\"},\"query-input\":{\"@type\":\"PropertyValueSpecification\",\"valueRequired\":true,\"valueName\":\"search_term_string\"}}],\"inLanguage\":\"de\"},{\"@type\":\"Organization\",\"@id\":\"https:\\\/\\\/ubuntu-yoga.de\\\/#organization\",\"name\":\"www.ubuntu-yoga.de\",\"url\":\"https:\\\/\\\/ubuntu-yoga.de\\\/\",\"logo\":{\"@type\":\"ImageObject\",\"inLanguage\":\"de\",\"@id\":\"https:\\\/\\\/ubuntu-yoga.de\\\/#\\\/schema\\\/logo\\\/image\\\/\",\"url\":\"https:\\\/\\\/ubuntu-yoga.de\\\/wp-content\\\/uploads\\\/2021\\\/02\\\/Logo_Neu.jpg\",\"contentUrl\":\"https:\\\/\\\/ubuntu-yoga.de\\\/wp-content\\\/uploads\\\/2021\\\/02\\\/Logo_Neu.jpg\",\"width\":591,\"height\":177,\"caption\":\"www.ubuntu-yoga.de\"},\"image\":{\"@id\":\"https:\\\/\\\/ubuntu-yoga.de\\\/#\\\/schema\\\/logo\\\/image\\\/\"},\"sameAs\":[\"https:\\\/\\\/www.facebook.com\\\/regina.harrar\",\"https:\\\/\\\/www.instagram.com\\\/ubuntuyoga.regina\\\/\"]}]}<\/script>\n<!-- \/ Yoast SEO plugin. -->","yoast_head_json":{"title":"\u00fcber mich - Yoga mit Regina","robots":{"index":"index","follow":"follow","max-snippet":"max-snippet:-1","max-image-preview":"max-image-preview:large","max-video-preview":"max-video-preview:-1"},"canonical":"https:\/\/ubuntu-yoga.de\/?page_id=11822","og_locale":"de_DE","og_type":"article","og_title":"\u00fcber mich - Yoga mit Regina","og_description":"[vc_row content_width=&#8220;grid&#8220; css=&#8220;.vc_custom_1484755472959{padding-top: 120px !important;padding-bottom: 20px !important;}&#8220;][vc_column][vc_empty_space height=&#8220;40px&#8220;][vc_row_inner][vc_column_inner][vc_empty_space height=&#8220;150px&#8220;][\/vc_column_inner][\/vc_row_inner][\/vc_column][\/vc_row][vc_row row_type=&#8220;parallax&#8220; content_width=&#8220;grid&#8220; full_screen_section_height=&#8220;no&#8220; parallax_background_image=&#8220;15858&#8243; css=&#8220;.vc_custom_1614947558111{padding-bottom: 110px !important;}&#8220;][vc_column][\/vc_column][\/vc_row][vc_row][vc_column][\/vc_column][\/vc_row][vc_row][vc_column][vc_empty_space height=&#8220;140px&#8220;][vc_empty_space height=&#8220;140px&#8220;][\/vc_column][\/vc_row]","og_url":"https:\/\/ubuntu-yoga.de\/?page_id=11822","og_site_name":"Yoga mit Regina","article_publisher":"https:\/\/www.facebook.com\/regina.harrar","article_modified_time":"2024-10-29T16:50:21+00:00","twitter_card":"summary_large_image","twitter_misc":{"Gesch\u00e4tzte Lesezeit":"3\u00a0Minuten"},"schema":{"@context":"https:\/\/schema.org","@graph":[{"@type":"WebPage","@id":"https:\/\/ubuntu-yoga.de\/?page_id=11822","url":"https:\/\/ubuntu-yoga.de\/?page_id=11822","name":"\u00fcber mich - Yoga mit Regina","isPartOf":{"@id":"https:\/\/ubuntu-yoga.de\/#website"},"datePublished":"2016-12-30T12:32:47+00:00","dateModified":"2024-10-29T16:50:21+00:00","breadcrumb":{"@id":"https:\/\/ubuntu-yoga.de\/?page_id=11822#breadcrumb"},"inLanguage":"de","potentialAction":[{"@type":"ReadAction","target":["https:\/\/ubuntu-yoga.de\/?page_id=11822"]}]},{"@type":"BreadcrumbList","@id":"https:\/\/ubuntu-yoga.de\/?page_id=11822#breadcrumb","itemListElement":[{"@type":"ListItem","position":1,"name":"Startseite","item":"https:\/\/ubuntu-yoga.de\/"},{"@type":"ListItem","position":2,"name":"\u00fcber mich"}]},{"@type":"WebSite","@id":"https:\/\/ubuntu-yoga.de\/#website","url":"https:\/\/ubuntu-yoga.de\/","name":"Yoga mit Regina","description":"Menschlichkeit, N\u00e4chstenliebe und Gemeinsinn","publisher":{"@id":"https:\/\/ubuntu-yoga.de\/#organization"},"potentialAction":[{"@type":"SearchAction","target":{"@type":"EntryPoint","urlTemplate":"https:\/\/ubuntu-yoga.de\/?s={search_term_string}"},"query-input":{"@type":"PropertyValueSpecification","valueRequired":true,"valueName":"search_term_string"}}],"inLanguage":"de"},{"@type":"Organization","@id":"https:\/\/ubuntu-yoga.de\/#organization","name":"www.ubuntu-yoga.de","url":"https:\/\/ubuntu-yoga.de\/","logo":{"@type":"ImageObject","inLanguage":"de","@id":"https:\/\/ubuntu-yoga.de\/#\/schema\/logo\/image\/","url":"https:\/\/ubuntu-yoga.de\/wp-content\/uploads\/2021\/02\/Logo_Neu.jpg","contentUrl":"https:\/\/ubuntu-yoga.de\/wp-content\/uploads\/2021\/02\/Logo_Neu.jpg","width":591,"height":177,"caption":"www.ubuntu-yoga.de"},"image":{"@id":"https:\/\/ubuntu-yoga.de\/#\/schema\/logo\/image\/"},"sameAs":["https:\/\/www.facebook.com\/regina.harrar","https:\/\/www.instagram.com\/ubuntuyoga.regina\/"]}]}},"_links":{"self":[{"href":"https:\/\/ubuntu-yoga.de\/index.php?rest_route=\/wp\/v2\/pages\/11822","targetHints":{"allow":["GET"]}}],"collection":[{"href":"https:\/\/ubuntu-yoga.de\/index.php?rest_route=\/wp\/v2\/pages"}],"about":[{"href":"https:\/\/ubuntu-yoga.de\/index.php?rest_route=\/wp\/v2\/types\/page"}],"author":[{"embeddable":true,"href":"https:\/\/ubuntu-yoga.de\/index.php?rest_route=\/wp\/v2\/users\/1"}],"replies":[{"embeddable":true,"href":"https:\/\/ubuntu-yoga.de\/index.php?rest_route=%2Fwp%2Fv2%2Fcomments&post=11822"}],"version-history":[{"count":71,"href":"https:\/\/ubuntu-yoga.de\/index.php?rest_route=\/wp\/v2\/pages\/11822\/revisions"}],"predecessor-version":[{"id":17029,"href":"https:\/\/ubuntu-yoga.de\/index.php?rest_route=\/wp\/v2\/pages\/11822\/revisions\/17029"}],"wp:attachment":[{"href":"https:\/\/ubuntu-yoga.de\/index.php?rest_route=%2Fwp%2Fv2%2Fmedia&parent=11822"}],"curies":[{"name":"wp","href":"https:\/\/api.w.org\/{rel}","templated":true}]}}