{"id":15458,"date":"2021-02-14T19:37:22","date_gmt":"2021-02-14T19:37:22","guid":{"rendered":"https:\/\/ubuntu-yoga.de\/?page_id=15458"},"modified":"2021-04-09T20:37:02","modified_gmt":"2021-04-09T18:37:02","slug":"datenschutz","status":"publish","type":"page","link":"https:\/\/ubuntu-yoga.de\/?page_id=15458","title":{"rendered":"Datenschutz"},"content":{"rendered":"<p>Als Betreiberin dieser Seiten nehme ich den Schutz Ihrer pers\u00f6nlichen Daten sehr ernst. Ich behandele Ihre personenbezogenen Daten vertraulich und entsprechend der gesetzlichen Datenschutzvorschriften sowie dieser Datenschutzerkl\u00e4rung.<\/p>\n<p>Die Nutzung meiner Webseite ist in der Regel ohne Angabe personenbezogener Daten m\u00f6glich. Soweit auf meinen\u00a0Seiten personenbezogene Daten (beispielsweise Name, Anschrift oder E-Mail-Adressen) erhoben werden, erfolgt dies, soweit m\u00f6glich, stets auf freiwilliger Basis. Diese Daten werden ohne Ihre ausdr\u00fcckliche Zustimmung nicht an Dritte weitergegeben.<\/p>\n<p>Ich weise darauf hin, dass die Daten\u00fcbertragung im Internet (z.B. bei der Kommunikation per E-Mail) Sicherheitsl\u00fccken aufweisen kann. Ein l\u00fcckenloser Schutz der Daten vor dem Zugriff durch Dritte ist nicht m\u00f6glich. Die Hardware- und Software-Infrastruktur, die ich verwende, ist jedoch mit branchen\u00fcblichen und regelm\u00e4\u00dfig aktualisierten Sicherheitsma\u00dfnahmen versehen.<\/p>\n<p><strong>Inhaltlich Verantwortliche<\/strong><\/p>\n<p><em>Inhaltlich Verantwortlicher f\u00fcr die Datenverarbeitung ist:<\/em><\/p>\n<p>Regina Harrar<br \/>\nc\/o FL cape GmbH<br \/>\nT\u00f6lzer Str. 5<br \/>\n82031 Gr\u00fcnwald<br \/>\nTelefon: +49 176 23820930<br \/>\nE-Mail: post*ubuntu-yoga.de<\/p>\n<p><strong>Ich verarbeite folgende Daten von Ihnen<\/strong><\/p>\n<p><em>Beim Besuch meiner Webseite:<\/em>\u00a0Technikbezogene Daten (IP-Adressen und Ger\u00e4teinformationen) sowie Nutzungsdaten (zeitlicher und inhaltlicher Besuch meiner Webseite, also was Sie sich bei mir wie lange ansehen).<\/p>\n<p><em>Beim Ausf\u00fcllen des Kontaktformulars bzw. bei einer sonstigen Kontaktaufnahme (z.B. per E-Mail):<\/em>\u00a0Die eingegebenen personenbezogenen Daten (Name, Adresse, Telefonnummer, E-Mail sowie den Inhalt der von Ihnen eingegebenen Texte, dar\u00fcber hinaus auch hier technikbezogene Daten (IP-Adressen und Ger\u00e4teinformationen).<\/p>\n<p><strong>Von der Datenverarbeitung sind betroffen:<\/strong><\/p>\n<p>Alle Besucher meiner Webseite sowie Nutzer, die mit mir per Kontaktformular oder E-Mail in Kontakt treten.<\/p>\n<p><strong>Die Datenverarbeitung geschieht zu folgenden Zwecken<\/strong><\/p>\n<ul>\n<li>Das zur Verf\u00fcgung stellen meiner Webseite und des dortigen Angebots<\/li>\n<li>Die Nachverfolgung der Wirkung meiner Webseite auf die Besucher zur Analyse<\/li>\n<li>Die Kommunikation und weitere Kontaktaufnahme mit den Nutzern<\/li>\n<li>Die Vertragsvorbereitung und -abwicklung einschlie\u00dflich Rechnungstellung<\/li>\n<\/ul>\n<p><strong>Ich verarbeite die Daten aufgrund folgender Rechtsgrundlagen<\/strong><\/p>\n<p>Entsprechend Art. 13 DSGVO teile ich Ihnen die Rechtsgrundlagen meiner Datenverarbeitungen jeweils mit.<\/p>\n<ul>\n<li>Art. 6 Abs. 1 a) und Art 7 DSGVO: Einholung von Einwilligungen in die Verarbeitung<\/li>\n<li>Art. 6 Abs. 1 b) DSGVO: Verarbeitung zur Erf\u00fcllung von Leistungen, vertraglicher Vereinbarungen sowie Beantwortung von Anfragen<\/li>\n<li>Art. 6 Abs. 1 c) DSGVO: Erf\u00fcllung rechtlicher Verpflichtungen<\/li>\n<li>Art. 6 Abs. 1 d) DSGVO: Schutz lebenswichtiger Interessen<\/li>\n<li>Art. 6 Abs. 1 f) DSGVO: Wahrung berechtigter Interessen<\/li>\n<\/ul>\n<p><strong>Ich gebe Ihre Daten nur unter folgenden Voraussetzungen weiter<\/strong><\/p>\n<p>Eine Weitergabe Ihrer Daten an Dritte bzw. an einen Auftragsverarbeiter (jemand, der f\u00fcr mich die Daten verarbeitet) erfolgt nur aufgrund einer gesetzlichen Erlaubnis (z.B, wenn dies zur Vertragserf\u00fcllung erforderlich ist gem. Art. 6 Abs. 1 b) DSGVO), einer Einwilligung durch Sie, einer rechtlichen Verpflichtung (Art. 6 Abs. 1 c) DSGVO) oder wenn berechtigte Interessen vorliegen (Art. 6 Abs. 1 f) DSGVO). Eine Weitergabe an Auftragsverarbeiter erfolgt nur unter den Voraussetzungen des Art. 28 DSGVO. Eine etwaige Weitergabe der Daten in ein Drittland au\u00dferhalb der EU erfolgt nur unter den zus\u00e4tzlichen Voraussetzungen der Art. 44 ff. DSGVO. Das bedeutet, solches erfolgt nur, wenn im Drittland ein den EU-Regelungen entsprechendes Datenschutzniveau besteht bzw. wenn offiziell anerkannte spezielle vertragliche Verpflichtungen (so genannte \u201eStandardvertragsklauseln\u201c) beachtet werden.<\/p>\n<p><strong>Hinsichtlich Ihrer Daten haben Sie folgende Rechte<\/strong><\/p>\n<ul>\n<li>Art. 15 DSGVO: das Recht, eine Best\u00e4tigung zu verlangen, ob betreffende personenbezogene Daten verarbeitet werden, auf Auskunft \u00fcber diese Daten sowie auf weitere Informationen hier\u00fcber sowie auf Kopien der Daten<\/li>\n<li>Art. 16 DSGVO: das Recht, unvollst\u00e4ndige Daten zu erg\u00e4nzen sowie falsche zu berichtigen<\/li>\n<li>Art. 17 DSGVO: das Recht, personenbezogene Daten unverz\u00fcglich l\u00f6schen zu lassen<\/li>\n<li>Art. 18 DSGVO: das Recht, die Verarbeitung der Daten einzuschr\u00e4nken<\/li>\n<li>Art. 20 DSGVO: das Recht, Ihre mir zur Verf\u00fcgung gestellten personenbezogenen Daten zu erhalten sowie deren \u00dcbermittlung an einen anderen Verantwortlichen<\/li>\n<li>Art. 21 DSGVO: das Recht, einer weiteren Verarbeitung jederzeit zu widersprechen<\/li>\n<li>Art. 7 Abs. DSGVO: das Recht, jederzeit eine erteilte Einwilligung zur Datenverarbeitung zu widerrufen<\/li>\n<li>Art. 77 DSGVO: das Recht, eine Beschwerde bei der zust\u00e4ndigen Aufsichtsbeh\u00f6rde einzulegen<\/li>\n<\/ul>\n<p><strong>Ich l\u00f6sche Ihre Daten nach folgenden Kriterien<\/strong><\/p>\n<p>Sofern nicht im Rahmen dieser Datenschutzerkl\u00e4rung ausdr\u00fccklich angegeben, werden die bei mir gespeicherten Daten gem. Art. 17 und 18 DSGVO gel\u00f6scht, sobald sie f\u00fcr den diesen zugrunde liegenden Zweck nicht mehr erforderlich sind und der L\u00f6schung keine gesetzlichen Aufbewahrungspflichten entgegenstehen. Sofern die Daten nicht gel\u00f6scht werden, weil sie f\u00fcr andere und gesetzlich zul\u00e4ssige Zwecke erforderlich sind, wird deren Verarbeitung auf diese Zwecke eingeschr\u00e4nkt. Das gilt z.B. f\u00fcr Daten, die wegen gesetzlichen Vorgaben (z.B. steuerrechtliche Aufbewahrungspflicht) aufbewahrt werden m\u00fcssen.<\/p>\n<p>Solche gesetzlichen Aufbewahrungspflichten sind 6 Jahre gem. \u00a7 257 Abs. 1 HGB f\u00fcr Handelsb\u00fccher, Inventare, Er\u00f6ffnungsbilanzen, Jahresabschl\u00fcsse, Handelsbriefe, Buchungsbelege, etc. sowie 10 Jahre gem. \u00a7 147 Abs. 1 AO f\u00fcr B\u00fccher, Aufzeichnungen, Lageberichte, Buchungsbelege, Handels- und Gesch\u00e4ftsbriefe, F\u00fcr Besteuerung relevante Unterlagen, und \u00e4hnliches.<\/p>\n<p><strong>Ich verarbeite folgende Daten<\/strong><\/p>\n<p><em>Beim Hosting<\/em><\/p>\n<p>Ich nutze einen Hosting-Anbieter, der folgendes zur Verf\u00fcgung stellt: Infrastruktur, Rechenkapazit\u00e4t, Speicherplatz, Datenbankdienste, Sicherheitsma\u00dfnahmen und technische Wartung. Durch mich bzw. den Hosting-Anbieter werden hierbei folgende Daten verarbeitet: Bestandsdaten, Kontaktdaten, Inhaltsdaten, Vertragsdaten, Nutzungsdaten, Meta- und Kommunikationsdaten von allen Besuchern meiner Webseite. Grundlage daf\u00fcr sind meine berechtigten Interessen an einer effizienten und sicheren Zurverf\u00fcgungstellung meiner Webseite gem. Art. 6 Abs. 1 f) i.V.m. Art. 28 DSGVO<\/p>\n<p><em>Bei Zugriffsdaten und dem Erstellen von Logfiles<\/em><\/p>\n<p>Ich nutze einen Hosting-Anbieter, der jeden Zugriff auf den Server protokolliert (Logfiles). Hierbei werden folgende Daten verarbeitet: Name der abgerufenen Webseite, Datum und Uhrzeit des Abrufs, \u00fcbertragene Datenmenge, die Art und Version Ihres Browsers, Ihr Betriebssystem, von welcher Webseite Sie meine\u00a0besuchen, Ihre IP-Adresse und Ihr Provider. Grundlage daf\u00fcr sind meine berechtigten Interessen an einer effizienten und sicheren Zurverf\u00fcgungstellung meiner Webseite gem. Art. 6 Abs. 1 f) i.V.m. Art. 28 DSGVO.<\/p>\n<p><em>Bei vertraglichen Belangen<\/em><\/p>\n<p>Um mit Ihnen einen Vertrag vorzubereiten, zu schlie\u00dfen und abzuwickeln erhebe ich folgende Daten: pers\u00f6nliche Daten (Name, Adresse, Kontaktm\u00f6glichkeiten), Vertragsdaten (Vertragsinhalt, vertragliche Vereinbarungen) sowie Zahlungsinformationen. Grundlage daf\u00fcr ist die Erf\u00fcllung meiner vertraglichen Verpflichtungen gem. Art. 6 Abs. 1 b) DSGVO.<\/p>\n<p><em>Bei Kontaktaufnahme (per Kontaktformular oder E-Mail)<\/em><\/p>\n<p>Wenn Sie mit mir Kontakt aufnehmen, verarbeite ich folgende Daten: pers\u00f6nliche Daten (Name, Adresse, Kontaktm\u00f6glichkeiten), Inhalt Ihrer Mitteilung sowie Daten zum \u00dcbermittlungsweg (Art der Kommunikation, IP-Adresse). Grundlage daf\u00fcr ist die Erf\u00fcllung meiner vorvertraglichen bzw. vertraglichen Verpflichtungen gem. Art. 6 Abs. 1 b) DSGVO.<\/p>\n<p><em>Bei einem Newsletter<\/em><\/p>\n<p>Wenn Sie meinen\u00a0Newsletter erhalten, verarbeite ich folgende Daten: pers\u00f6nliche Daten (Name, E-Mail-Adresse), IP-Adresse, Anmeldezeitpunkt. Grundlage hierf\u00fcr ist Ihre Einwilligung gem. Art. 6 Abs. 1 a) DSGVO.<\/p>\n<p><em>Bei der Verwaltung meines Unternehmens<\/em><\/p>\n<p>Zum Zweck der Verwaltung meines\u00a0Unternehmens sowie zur F\u00fchrung einer ordnungsgem\u00e4\u00dfen Buchhaltung und dem Erf\u00fcllen gesetzlicher Pflichten (z.B. Steuerunterlagen, Aufbewahrungspflichten) verarbeite ich folgende Daten: pers\u00f6nliche Daten (Name, Adresse, Kontaktm\u00f6glichkeiten), Vertragsdaten (Vertragsinhalt, vertragliche Vereinbarungen) sowie Zahlungsinformationen. Diese Daten werden auch \u00fcbermittelt an folgende Dritte: Finanzbeh\u00f6rden, Steuerberater. Grundlage daf\u00fcr ist die Erf\u00fcllung meiner rechtlichen Verpflichtungen gem. Art. 6 Abs. 1 c) DSGVO bzw. meine berechtigten Interessen an einer ordnungsgem\u00e4\u00dfen und effizienten Erf\u00fcllung meiner gesetzlichen Pflichten gem. Art. 6 Abs. 1 f) i.V.m. Art. 28 DSGVO.<\/p>\n<p><em>Bei Werbezwecken<\/em><\/p>\n<p>Wenn Sie mir Ihre Einwilligung geben, verarbeite ich zu dem Zweck der Werbung bzw. besseren und individuelleren Produktinformation f\u00fcr Sie folgende Daten: welche Seiten Sie sich wie lange ansehen, Ihr Interesse f\u00fcr meine\u00a0Angebote, bei aktiviertem Nutzerkonto verkn\u00fcpft mit Ihren pers\u00f6nlichen Daten (Name, Adresse, Kontaktm\u00f6glichkeiten) und Ihrer IP-Adresse. Grundlage hierf\u00fcr ist Ihre Einwilligung gem. Art. 6 Abs. 1 a) DSGVO.<\/p>\n<p><strong>Cookies<\/strong><\/p>\n<p>Die Internetseiten verwenden teilweise so genannte Cookies. Cookies richten auf Ihrem Rechner keinen Schaden an und enthalten keine Viren. Cookies dienen dazu, mein\u00a0Angebot nutzerfreundlicher, effektiver und sicherer zu machen. Cookies sind kleine Textdateien, die auf Ihrem Rechner abgelegt werden und die Ihr Browser speichert.<\/p>\n<p>Die meisten der von mir verwendeten Cookies sind so genannte \u201eSession-Cookies\u201c. Sie werden nach Ende Ihres Besuchs automatisch gel\u00f6scht. Andere Cookies bleiben auf Ihrem Endger\u00e4t gespeichert, bis Sie diese l\u00f6schen. Diese Cookies erm\u00f6glichen es mir, Ihren Browser beim n\u00e4chsten Besuch wiederzuerkennen.<\/p>\n<p>Sie k\u00f6nnen Ihren Browser so einstellen, dass Sie \u00fcber das Setzen von Cookies informiert werden und Cookies nur im Einzelfall erlauben, die Annahme von Cookies f\u00fcr bestimmte F\u00e4lle oder generell ausschlie\u00dfen sowie das automatische L\u00f6schen der Cookies beim Schlie\u00dfen des Browser aktivieren. Bei der Deaktivierung von Cookies kann die Funktionalit\u00e4t dieser Website eingeschr\u00e4nkt sein.<\/p>\n<p>Ein genereller Widerspruch gegen den Einsatz der zu Zwecken des Onlinemarketing eingesetzten Cookies kann auch bei vielen Diensten, z.B. die EU-Seite\u00a0<a href=\"http:\/\/www.youronlinechoices.com\/\" target=\"_blank\" rel=\"noopener noreferrer\">http:\/\/www.youronlinechoices.com<\/a>\u00a0erkl\u00e4rt werden.<\/p>\n<p><strong>Einbindung von Diensten und Inhalten Dritter<\/strong><\/p>\n<p>Ich verwende Inhalts- oder Serviceangebote von Drittanbietern, um deren Inhalte und Services, wie z.B. Videos oder Schriftarten einzubinden. Dabei werden folgende Daten verarbeitet und an den Drittanbieter versendet: IP-Adresse, statistische Daten wie Art und Umfang eines Zugriffs oder eine Verlaufshistorie. Grundlage hierf\u00fcr sind meine berechtigten Interessen an der Analyse, Optimierung und dem wirtschaftlichem Betrieb meiner Webseite gem. Art. 6 Abs. 1 f) DSGVO.<\/p>\n<p><strong>Einbindung von Facebook<\/strong><\/p>\n<p>Ich nutze Plugins des Unternehmens Facebook Ireland Ltd., 4 Grand Canal Square, Grand Canal Harbour, Dublin 2, Irland. Die Plugins k\u00f6nnen Interaktionselemente oder Inhalte (z.B. Videos, Grafiken oder Textbeitr\u00e4ge) darstellen und sind an einem der Facebook Logos erkennbar (wei\u00dfes \u201ef\u201c auf blauer Kachel, den Begriffen \u201cLike\u201d, \u201cGef\u00e4llt mir\u201d oder einem \u201eDaumen hoch\u201c-Zeichen) oder sind mit dem Zusatz \u201cFacebook Social Plugin\u201d gekennzeichnet. Die Liste und das Aussehen der Facebook Social Plugins kann hier eingesehen werden:\u00a0<a href=\"https:\/\/developers.facebook.com\/docs\/plugins\/\" target=\"_blank\" rel=\"noopener noreferrer\">https:\/\/developers.facebook.com\/docs\/plugins7.<\/a>\u00a0Grundlage hierf\u00fcr sind meine berechtigten Interessen der Analyse, Optimierung und dem wirtschaftlichem Betrieb meiner Webseite gem Art. 6 Abs. 1 f) DSGVO.<br \/>\nFacebook ist unter dem Privacy-Shield-Abkommen zertifiziert und bietet hierdurch eine Garantie, das europ\u00e4ische Datenschutzrecht einzuhalten\u00a0<a href=\"https:\/\/www.privacyshield.gov\/participant?id=a2zt0000000GnywAAC&amp;status=Active\" target=\"_blank\" rel=\"noopener noreferrer\">(https:\/\/www.privacyshield.gov\/participant?id=a2zt0000000GnywAAC&amp;status=Active).<\/a><\/p>\n<p>Wenn Sie meine Seiten besuchen, wird \u00fcber das Plugin eine direkte Verbindung zwischen Ihrem Browser und dem Facebook-Server hergestellt. Facebook erh\u00e4lt dadurch die Information, dass Sie mit Ihrer IP-Adresse meiner Seite besucht haben. Wenn Sie den Facebook \u201cLike-Button\u201d anklicken w\u00e4hrend Sie in Ihrem Facebook-Account eingeloggt sind, k\u00f6nnen Sie die Inhalte meiner Seiten auf Ihrem Facebook-Profil verlinken. Dadurch kann Facebook den Besuch meiner Seiten Ihrem Benutzerkonto zuordnen. Ich weise darauf hin, dass ich als Anbieter der Seiten keine Kenntnis vom Inhalt der \u00fcbermittelten Daten sowie deren Nutzung durch Facebook erhalten. Weitere Informationen hierzu finden Sie in der Datenschutzerkl\u00e4rung von Facebook unter\u00a0<a href=\"http:\/\/de-de.facebook.com\/policy.php\" target=\"_blank\" rel=\"noopener noreferrer\">http:\/\/de-de.facebook.com\/policy.php.<\/a><\/p>\n<p>Wenn Sie nicht w\u00fcnschen, dass Facebook den Besuch meiner Seiten Ihrem Facebook-Nutzerkonto zuordnen kann, loggen Sie sich bitte aus Ihrem Facebook-Benutzerkonto aus. Weitere Einstellungen und Widerspr\u00fcche zur Nutzung von Daten f\u00fcr Werbezwecke, sind innerhalb der Facebook-Profileinstellungen m\u00f6glich unter:\u00a0<a href=\"https:\/\/www.facebook.com\/settings?tab=ads\" target=\"_blank\" rel=\"noopener noreferrer\">https:\/\/www.facebook.com\/settings?tab=ads<\/a>\u00a0oder\u00a0<a href=\"http:\/\/www.youronlinechoices.com\/\" target=\"_blank\" rel=\"noopener noreferrer\">http:\/\/www.youronlinechoices.com.<\/a><\/p>\n","protected":false},"excerpt":{"rendered":"<p>Als Betreiberin dieser Seiten nehme ich den Schutz Ihrer pers\u00f6nlichen Daten sehr ernst. Ich behandele Ihre personenbezogenen Daten vertraulich und entsprechend der gesetzlichen Datenschutzvorschriften sowie dieser Datenschutzerkl\u00e4rung. Die Nutzung meiner Webseite ist in der Regel ohne Angabe personenbezogener Daten m\u00f6glich. Soweit auf meinen\u00a0Seiten personenbezogene Daten&#8230;<\/p>\n","protected":false},"author":1,"featured_media":0,"parent":0,"menu_order":0,"comment_status":"closed","ping_status":"closed","template":"","meta":{"footnotes":""},"class_list":["post-15458","page","type-page","status-publish","hentry"],"yoast_head":"<!-- This site is optimized with the Yoast SEO plugin v27.5 - https:\/\/yoast.com\/product\/yoast-seo-wordpress\/ -->\n<title>Datenschutz - Yoga mit Regina<\/title>\n<meta name=\"robots\" content=\"index, follow, max-snippet:-1, max-image-preview:large, max-video-preview:-1\" \/>\n<link rel=\"canonical\" href=\"https:\/\/ubuntu-yoga.de\/?page_id=15458\" \/>\n<meta property=\"og:locale\" content=\"de_DE\" \/>\n<meta property=\"og:type\" content=\"article\" \/>\n<meta property=\"og:title\" content=\"Datenschutz - Yoga mit Regina\" \/>\n<meta property=\"og:description\" content=\"Als Betreiberin dieser Seiten nehme ich den Schutz Ihrer pers\u00f6nlichen Daten sehr ernst. Ich behandele Ihre personenbezogenen Daten vertraulich und entsprechend der gesetzlichen Datenschutzvorschriften sowie dieser Datenschutzerkl\u00e4rung. Die Nutzung meiner Webseite ist in der Regel ohne Angabe personenbezogener Daten m\u00f6glich. Soweit auf meinen\u00a0Seiten personenbezogene Daten...\" \/>\n<meta property=\"og:url\" content=\"https:\/\/ubuntu-yoga.de\/?page_id=15458\" \/>\n<meta property=\"og:site_name\" content=\"Yoga mit Regina\" \/>\n<meta property=\"article:publisher\" content=\"https:\/\/www.facebook.com\/regina.harrar\" \/>\n<meta property=\"article:modified_time\" content=\"2021-04-09T18:37:02+00:00\" \/>\n<meta name=\"twitter:card\" content=\"summary_large_image\" \/>\n<meta name=\"twitter:label1\" content=\"Gesch\u00e4tzte Lesezeit\" \/>\n\t<meta name=\"twitter:data1\" content=\"9\u00a0Minuten\" \/>\n<script type=\"application\/ld+json\" class=\"yoast-schema-graph\">{\"@context\":\"https:\\\/\\\/schema.org\",\"@graph\":[{\"@type\":\"WebPage\",\"@id\":\"https:\\\/\\\/ubuntu-yoga.de\\\/?page_id=15458\",\"url\":\"https:\\\/\\\/ubuntu-yoga.de\\\/?page_id=15458\",\"name\":\"Datenschutz - Yoga mit Regina\",\"isPartOf\":{\"@id\":\"https:\\\/\\\/ubuntu-yoga.de\\\/#website\"},\"datePublished\":\"2021-02-14T19:37:22+00:00\",\"dateModified\":\"2021-04-09T18:37:02+00:00\",\"breadcrumb\":{\"@id\":\"https:\\\/\\\/ubuntu-yoga.de\\\/?page_id=15458#breadcrumb\"},\"inLanguage\":\"de\",\"potentialAction\":[{\"@type\":\"ReadAction\",\"target\":[\"https:\\\/\\\/ubuntu-yoga.de\\\/?page_id=15458\"]}]},{\"@type\":\"BreadcrumbList\",\"@id\":\"https:\\\/\\\/ubuntu-yoga.de\\\/?page_id=15458#breadcrumb\",\"itemListElement\":[{\"@type\":\"ListItem\",\"position\":1,\"name\":\"Startseite\",\"item\":\"https:\\\/\\\/ubuntu-yoga.de\\\/\"},{\"@type\":\"ListItem\",\"position\":2,\"name\":\"Datenschutz\"}]},{\"@type\":\"WebSite\",\"@id\":\"https:\\\/\\\/ubuntu-yoga.de\\\/#website\",\"url\":\"https:\\\/\\\/ubuntu-yoga.de\\\/\",\"name\":\"Yoga mit Regina\",\"description\":\"Menschlichkeit, N\u00e4chstenliebe und Gemeinsinn\",\"publisher\":{\"@id\":\"https:\\\/\\\/ubuntu-yoga.de\\\/#organization\"},\"potentialAction\":[{\"@type\":\"SearchAction\",\"target\":{\"@type\":\"EntryPoint\",\"urlTemplate\":\"https:\\\/\\\/ubuntu-yoga.de\\\/?s={search_term_string}\"},\"query-input\":{\"@type\":\"PropertyValueSpecification\",\"valueRequired\":true,\"valueName\":\"search_term_string\"}}],\"inLanguage\":\"de\"},{\"@type\":\"Organization\",\"@id\":\"https:\\\/\\\/ubuntu-yoga.de\\\/#organization\",\"name\":\"www.ubuntu-yoga.de\",\"url\":\"https:\\\/\\\/ubuntu-yoga.de\\\/\",\"logo\":{\"@type\":\"ImageObject\",\"inLanguage\":\"de\",\"@id\":\"https:\\\/\\\/ubuntu-yoga.de\\\/#\\\/schema\\\/logo\\\/image\\\/\",\"url\":\"https:\\\/\\\/ubuntu-yoga.de\\\/wp-content\\\/uploads\\\/2021\\\/02\\\/Logo_Neu.jpg\",\"contentUrl\":\"https:\\\/\\\/ubuntu-yoga.de\\\/wp-content\\\/uploads\\\/2021\\\/02\\\/Logo_Neu.jpg\",\"width\":591,\"height\":177,\"caption\":\"www.ubuntu-yoga.de\"},\"image\":{\"@id\":\"https:\\\/\\\/ubuntu-yoga.de\\\/#\\\/schema\\\/logo\\\/image\\\/\"},\"sameAs\":[\"https:\\\/\\\/www.facebook.com\\\/regina.harrar\",\"https:\\\/\\\/www.instagram.com\\\/ubuntuyoga.regina\\\/\"]}]}<\/script>\n<!-- \/ Yoast SEO plugin. -->","yoast_head_json":{"title":"Datenschutz - Yoga mit Regina","robots":{"index":"index","follow":"follow","max-snippet":"max-snippet:-1","max-image-preview":"max-image-preview:large","max-video-preview":"max-video-preview:-1"},"canonical":"https:\/\/ubuntu-yoga.de\/?page_id=15458","og_locale":"de_DE","og_type":"article","og_title":"Datenschutz - Yoga mit Regina","og_description":"Als Betreiberin dieser Seiten nehme ich den Schutz Ihrer pers\u00f6nlichen Daten sehr ernst. Ich behandele Ihre personenbezogenen Daten vertraulich und entsprechend der gesetzlichen Datenschutzvorschriften sowie dieser Datenschutzerkl\u00e4rung. Die Nutzung meiner Webseite ist in der Regel ohne Angabe personenbezogener Daten m\u00f6glich. Soweit auf meinen\u00a0Seiten personenbezogene Daten...","og_url":"https:\/\/ubuntu-yoga.de\/?page_id=15458","og_site_name":"Yoga mit Regina","article_publisher":"https:\/\/www.facebook.com\/regina.harrar","article_modified_time":"2021-04-09T18:37:02+00:00","twitter_card":"summary_large_image","twitter_misc":{"Gesch\u00e4tzte Lesezeit":"9\u00a0Minuten"},"schema":{"@context":"https:\/\/schema.org","@graph":[{"@type":"WebPage","@id":"https:\/\/ubuntu-yoga.de\/?page_id=15458","url":"https:\/\/ubuntu-yoga.de\/?page_id=15458","name":"Datenschutz - Yoga mit Regina","isPartOf":{"@id":"https:\/\/ubuntu-yoga.de\/#website"},"datePublished":"2021-02-14T19:37:22+00:00","dateModified":"2021-04-09T18:37:02+00:00","breadcrumb":{"@id":"https:\/\/ubuntu-yoga.de\/?page_id=15458#breadcrumb"},"inLanguage":"de","potentialAction":[{"@type":"ReadAction","target":["https:\/\/ubuntu-yoga.de\/?page_id=15458"]}]},{"@type":"BreadcrumbList","@id":"https:\/\/ubuntu-yoga.de\/?page_id=15458#breadcrumb","itemListElement":[{"@type":"ListItem","position":1,"name":"Startseite","item":"https:\/\/ubuntu-yoga.de\/"},{"@type":"ListItem","position":2,"name":"Datenschutz"}]},{"@type":"WebSite","@id":"https:\/\/ubuntu-yoga.de\/#website","url":"https:\/\/ubuntu-yoga.de\/","name":"Yoga mit Regina","description":"Menschlichkeit, N\u00e4chstenliebe und Gemeinsinn","publisher":{"@id":"https:\/\/ubuntu-yoga.de\/#organization"},"potentialAction":[{"@type":"SearchAction","target":{"@type":"EntryPoint","urlTemplate":"https:\/\/ubuntu-yoga.de\/?s={search_term_string}"},"query-input":{"@type":"PropertyValueSpecification","valueRequired":true,"valueName":"search_term_string"}}],"inLanguage":"de"},{"@type":"Organization","@id":"https:\/\/ubuntu-yoga.de\/#organization","name":"www.ubuntu-yoga.de","url":"https:\/\/ubuntu-yoga.de\/","logo":{"@type":"ImageObject","inLanguage":"de","@id":"https:\/\/ubuntu-yoga.de\/#\/schema\/logo\/image\/","url":"https:\/\/ubuntu-yoga.de\/wp-content\/uploads\/2021\/02\/Logo_Neu.jpg","contentUrl":"https:\/\/ubuntu-yoga.de\/wp-content\/uploads\/2021\/02\/Logo_Neu.jpg","width":591,"height":177,"caption":"www.ubuntu-yoga.de"},"image":{"@id":"https:\/\/ubuntu-yoga.de\/#\/schema\/logo\/image\/"},"sameAs":["https:\/\/www.facebook.com\/regina.harrar","https:\/\/www.instagram.com\/ubuntuyoga.regina\/"]}]}},"_links":{"self":[{"href":"https:\/\/ubuntu-yoga.de\/index.php?rest_route=\/wp\/v2\/pages\/15458","targetHints":{"allow":["GET"]}}],"collection":[{"href":"https:\/\/ubuntu-yoga.de\/index.php?rest_route=\/wp\/v2\/pages"}],"about":[{"href":"https:\/\/ubuntu-yoga.de\/index.php?rest_route=\/wp\/v2\/types\/page"}],"author":[{"embeddable":true,"href":"https:\/\/ubuntu-yoga.de\/index.php?rest_route=\/wp\/v2\/users\/1"}],"replies":[{"embeddable":true,"href":"https:\/\/ubuntu-yoga.de\/index.php?rest_route=%2Fwp%2Fv2%2Fcomments&post=15458"}],"version-history":[{"count":2,"href":"https:\/\/ubuntu-yoga.de\/index.php?rest_route=\/wp\/v2\/pages\/15458\/revisions"}],"predecessor-version":[{"id":16042,"href":"https:\/\/ubuntu-yoga.de\/index.php?rest_route=\/wp\/v2\/pages\/15458\/revisions\/16042"}],"wp:attachment":[{"href":"https:\/\/ubuntu-yoga.de\/index.php?rest_route=%2Fwp%2Fv2%2Fmedia&parent=15458"}],"curies":[{"name":"wp","href":"https:\/\/api.w.org\/{rel}","templated":true}]}}